{"id":18343,"date":"2017-07-10T09:54:53","date_gmt":"2017-07-10T08:54:53","guid":{"rendered":"https:\/\/www.elprof.si\/anfrage\/"},"modified":"2017-10-03T09:54:28","modified_gmt":"2017-10-03T07:54:28","slug":"anfrage","status":"publish","type":"page","link":"https:\/\/www.elprof.si\/de\/anfrage\/","title":{"rendered":"Anfrage"},"content":{"rendered":"<div role=\"form\" class=\"wpcf7\" id=\"wpcf7-f18341-o1\" lang=\"sl-SI\" dir=\"ltr\">\n<div class=\"screen-reader-response\"><p role=\"status\" aria-live=\"polite\" aria-atomic=\"true\"><\/p> <ul><\/ul><\/div>\n<form action=\"\/de\/wp-json\/wp\/v2\/pages\/18343#wpcf7-f18341-o1\" method=\"post\" class=\"wpcf7-form init\" enctype=\"multipart\/form-data\" novalidate=\"novalidate\" data-status=\"init\">\n<div style=\"display: none;\">\n<input type=\"hidden\" name=\"_wpcf7\" value=\"18341\" \/>\n<input type=\"hidden\" name=\"_wpcf7_version\" value=\"5.4.2\" \/>\n<input type=\"hidden\" name=\"_wpcf7_locale\" value=\"sl_SI\" \/>\n<input type=\"hidden\" name=\"_wpcf7_unit_tag\" value=\"wpcf7-f18341-o1\" \/>\n<input type=\"hidden\" name=\"_wpcf7_container_post\" value=\"0\" \/>\n<input type=\"hidden\" name=\"_wpcf7_posted_data_hash\" value=\"\" \/>\n<\/div>\n<h2>Sie Details<\/h2>\n<div class=\"row\">\n<div class=\"col-lg-6\">\n<p>Firma:*<br \/>\n<span class=\"wpcf7-form-control-wrap podjetje\"><input type=\"text\" name=\"podjetje\" value=\"\" size=\"40\" class=\"wpcf7-form-control wpcf7-text wpcf7-validates-as-required\" aria-required=\"true\" aria-invalid=\"false\" \/><\/span><\/p>\n<\/div>\n<div class=\"col-lg-6\">\n<p>Ansprechpartner:*<br \/>\n<span class=\"wpcf7-form-control-wrap oseba\"><input type=\"text\" name=\"oseba\" value=\"\" size=\"40\" class=\"wpcf7-form-control wpcf7-text wpcf7-validates-as-required\" aria-required=\"true\" aria-invalid=\"false\" \/><\/span><\/p>\n<\/div>\n<\/div>\n<div class=\"row\">\n<div class=\"col-lg-6\">\n<p>Anschrift:<br \/>\n<span class=\"wpcf7-form-control-wrap naslov\"><input type=\"text\" name=\"naslov\" value=\"\" size=\"40\" class=\"wpcf7-form-control wpcf7-text\" aria-invalid=\"false\" \/><\/span><\/p>\n<\/div>\n<div class=\"col-lg-6\">\n<p>Postleitzahl:<br \/>\n<span class=\"wpcf7-form-control-wrap posta\"><input type=\"text\" name=\"posta\" value=\"\" size=\"40\" class=\"wpcf7-form-control wpcf7-text\" aria-invalid=\"false\" \/><\/span><\/p>\n<\/div>\n<\/div>\n<div class=\"row\">\n<div class=\"col-lg-6\">\n<p>Email:*<br \/>\n<span class=\"wpcf7-form-control-wrap email\"><input type=\"email\" name=\"email\" value=\"\" size=\"40\" class=\"wpcf7-form-control wpcf7-text wpcf7-email wpcf7-validates-as-required wpcf7-validates-as-email\" aria-required=\"true\" aria-invalid=\"false\" \/><\/span><\/p>\n<\/div>\n<div class=\"col-lg-6\">\n<p>Telefon:*<br \/>\n<span class=\"wpcf7-form-control-wrap stevilka\"><input type=\"tel\" name=\"stevilka\" value=\"\" size=\"40\" class=\"wpcf7-form-control wpcf7-text wpcf7-tel wpcf7-validates-as-required wpcf7-validates-as-tel\" aria-required=\"true\" aria-invalid=\"false\" \/><\/span><\/p>\n<\/div>\n<\/div>\n<div class=\"row\">\n<div class=\"col-lg-6\">\n<p>Fax:<br \/>\n<span class=\"wpcf7-form-control-wrap faks\"><input type=\"tel\" name=\"faks\" value=\"\" size=\"40\" class=\"wpcf7-form-control wpcf7-text wpcf7-tel wpcf7-validates-as-tel\" aria-invalid=\"false\" \/><\/span><\/p>\n<\/div>\n<\/div>\n<h2>Thema Ihrer Anfrage<\/h2>\n<p>Produkte:*<br \/>\n<span class=\"wpcf7-form-control-wrap izdelek\"><select name=\"izdelek\" class=\"wpcf7-form-control wpcf7-select wpcf7-validates-as-required\" aria-required=\"true\" aria-invalid=\"false\"><option value=\"\">---<\/option><option value=\"Carbon brushes for electrical machines\">Carbon brushes for electrical machines<\/option><option value=\"Brushes for electro-magnet clutches\">Brushes for electro-magnet clutches<\/option><option value=\"Carbon seals and bearings\">Carbon seals and bearings<\/option><option value=\"Carbon vanes\">Carbon vanes<\/option><option value=\"Slip rings\">Slip rings<\/option><option value=\"Comutators\">Comutators<\/option><option value=\"Current collectors\">Current collectors<\/option><option value=\"BI-Metallic conductor rail system\">BI-Metallic conductor rail system<\/option><option value=\"Carbon guides\">Carbon guides<\/option><option value=\"Brush holders\">Brush holders<\/option><option value=\"Terminal Board\">Terminal Board<\/option><option value=\"Other\">Other<\/option><\/select><\/span><\/p>\n<p>Details zu Ihrem gew\u00fcnschten Produkt:*<br \/>\n<span class=\"wpcf7-form-control-wrap opis\"><textarea name=\"opis\" cols=\"40\" rows=\"10\" class=\"wpcf7-form-control wpcf7-textarea wpcf7-validates-as-required\" aria-required=\"true\" aria-invalid=\"false\"><\/textarea><\/span><\/p>\n<p>Datei hinzuf\u00fcgen:<br \/>\n<span class=\"wpcf7-form-control-wrap datoteka\"><input type=\"file\" name=\"datoteka\" size=\"40\" class=\"wpcf7-form-control wpcf7-file\" accept=\".jpg,.jpeg,.png,.gif,.pdf,.doc,.docx,.ppt,.pptx,.odt,.avi,.ogg,.m4a,.mov,.mp3,.mp4,.mpg,.wav,.wmv\" aria-invalid=\"false\" \/><\/span><\/p>\n<p>Wie wollen Sie uns zu reagieren:<br \/>\n<span class=\"wpcf7-form-control-wrap odgovor\"><span class=\"wpcf7-form-control wpcf7-radio\"><span class=\"wpcf7-list-item first\"><label><input type=\"radio\" name=\"odgovor\" value=\"per email.\" \/><span class=\"wpcf7-list-item-label\">per email.<\/span><\/label><\/span><span class=\"wpcf7-list-item\"><label><input type=\"radio\" name=\"odgovor\" value=\"per faksa.\" \/><span class=\"wpcf7-list-item-label\">per faksa.<\/span><\/label><\/span><span class=\"wpcf7-list-item last\"><label><input type=\"radio\" name=\"odgovor\" value=\"per Telefonanruf.\" \/><span class=\"wpcf7-list-item-label\">per Telefonanruf.<\/span><\/label><\/span><\/span><\/span><\/p>\n<p><br\/><\/p>\n<p align=\"center\"><input type=\"submit\" value=\"Absenden\" class=\"wpcf7-form-control wpcf7-submit\" \/><\/p>\n<div class=\"fusion-alert alert custom alert-custom fusion-alert-center fusion-alert-capitalize alert-dismissable wpcf7-response-output\" style=\"border-width:1px;\"><button style=\"color:;border-color:;\" type=\"button\" class=\"close toggle-alert\" data-dismiss=\"alert\" aria-hidden=\"true\">&times;<\/button><div class=\"fusion-alert-content-wrapper\"><span class=\"fusion-alert-content\"><\/span><\/div><\/div><\/form><\/div>\n","protected":false},"excerpt":{"rendered":"","protected":false},"author":1,"featured_media":0,"parent":0,"menu_order":0,"comment_status":"closed","ping_status":"closed","template":"","meta":[],"yoast_head":"<!-- This site is optimized with the Yoast SEO plugin v17.1 - https:\/\/yoast.com\/wordpress\/plugins\/seo\/ -->\n<title>Elprof, d.o.o. Polzela - Anfrage, Lamellen f\u00fcr Vakuumpumpen<\/title>\n<meta name=\"description\" content=\"Wir produzieren Lamellen f\u00fcr Vakuumpumpen und Kompressoren Hersteller, Kohleb\u00fcrsten f\u00fcr elektrische Maschinen, Slip rings, Kommutator.\" \/>\n<meta name=\"robots\" content=\"index, follow, max-snippet:-1, max-image-preview:large, max-video-preview:-1\" \/>\n<link rel=\"canonical\" href=\"https:\/\/www.elprof.si\/de\/anfrage\/\" \/>\n<meta property=\"og:locale\" content=\"de_DE\" \/>\n<meta property=\"og:type\" content=\"article\" \/>\n<meta property=\"og:title\" content=\"Elprof, d.o.o. Polzela - Anfrage, Lamellen f\u00fcr Vakuumpumpen\" \/>\n<meta property=\"og:description\" content=\"Wir produzieren Lamellen f\u00fcr Vakuumpumpen und Kompressoren Hersteller, Kohleb\u00fcrsten f\u00fcr elektrische Maschinen, Slip rings, Kommutator.\" \/>\n<meta property=\"og:url\" content=\"https:\/\/www.elprof.si\/de\/anfrage\/\" \/>\n<meta property=\"og:site_name\" content=\"Elprof, d.o.o. Polzela\" \/>\n<meta property=\"article:modified_time\" content=\"2017-10-03T07:54:28+00:00\" \/>\n<meta name=\"twitter:card\" content=\"summary\" \/>\n<script type=\"application\/ld+json\" class=\"yoast-schema-graph\">{\"@context\":\"https:\/\/schema.org\",\"@graph\":[{\"@type\":\"Organization\",\"@id\":\"https:\/\/www.elprof.si\/#organization\",\"name\":\"ELPROF, d.o.o. Polzela\",\"url\":\"https:\/\/www.elprof.si\/\",\"sameAs\":[],\"logo\":{\"@type\":\"ImageObject\",\"@id\":\"https:\/\/www.elprof.si\/#logo\",\"inLanguage\":\"de\",\"url\":\"https:\/\/www.elprof.si\/wp-content\/uploads\/2017\/07\/elprof1.png\",\"contentUrl\":\"https:\/\/www.elprof.si\/wp-content\/uploads\/2017\/07\/elprof1.png\",\"width\":275,\"height\":50,\"caption\":\"ELPROF, d.o.o. Polzela\"},\"image\":{\"@id\":\"https:\/\/www.elprof.si\/#logo\"}},{\"@type\":\"WebSite\",\"@id\":\"https:\/\/www.elprof.si\/#website\",\"url\":\"https:\/\/www.elprof.si\/\",\"name\":\"Elprof, d.o.o. Polzela\",\"description\":\"\",\"publisher\":{\"@id\":\"https:\/\/www.elprof.si\/#organization\"},\"potentialAction\":[{\"@type\":\"SearchAction\",\"target\":{\"@type\":\"EntryPoint\",\"urlTemplate\":\"https:\/\/www.elprof.si\/?s={search_term_string}\"},\"query-input\":\"required name=search_term_string\"}],\"inLanguage\":\"de\"},{\"@type\":\"WebPage\",\"@id\":\"https:\/\/www.elprof.si\/de\/anfrage\/#webpage\",\"url\":\"https:\/\/www.elprof.si\/de\/anfrage\/\",\"name\":\"Elprof, d.o.o. Polzela - Anfrage, Lamellen f\\u00fcr Vakuumpumpen\",\"isPartOf\":{\"@id\":\"https:\/\/www.elprof.si\/#website\"},\"datePublished\":\"2017-07-10T08:54:53+00:00\",\"dateModified\":\"2017-10-03T07:54:28+00:00\",\"description\":\"Wir produzieren Lamellen f\\u00fcr Vakuumpumpen und Kompressoren Hersteller, Kohleb\\u00fcrsten f\\u00fcr elektrische Maschinen, Slip rings, Kommutator.\",\"breadcrumb\":{\"@id\":\"https:\/\/www.elprof.si\/de\/anfrage\/#breadcrumb\"},\"inLanguage\":\"de\",\"potentialAction\":[{\"@type\":\"ReadAction\",\"target\":[\"https:\/\/www.elprof.si\/de\/anfrage\/\"]}]},{\"@type\":\"BreadcrumbList\",\"@id\":\"https:\/\/www.elprof.si\/de\/anfrage\/#breadcrumb\",\"itemListElement\":[{\"@type\":\"ListItem\",\"position\":1,\"name\":\"Home\",\"item\":\"https:\/\/www.elprof.si\/de\/\"},{\"@type\":\"ListItem\",\"position\":2,\"name\":\"Anfrage\"}]}]}<\/script>\n<!-- \/ Yoast SEO plugin. -->","yoast_head_json":{"title":"Elprof, d.o.o. Polzela - Anfrage, Lamellen f\u00fcr Vakuumpumpen","description":"Wir produzieren Lamellen f\u00fcr Vakuumpumpen und Kompressoren Hersteller, Kohleb\u00fcrsten f\u00fcr elektrische Maschinen, Slip rings, Kommutator.","robots":{"index":"index","follow":"follow","max-snippet":"max-snippet:-1","max-image-preview":"max-image-preview:large","max-video-preview":"max-video-preview:-1"},"canonical":"https:\/\/www.elprof.si\/de\/anfrage\/","og_locale":"de_DE","og_type":"article","og_title":"Elprof, d.o.o. Polzela - Anfrage, Lamellen f\u00fcr Vakuumpumpen","og_description":"Wir produzieren Lamellen f\u00fcr Vakuumpumpen und Kompressoren Hersteller, Kohleb\u00fcrsten f\u00fcr elektrische Maschinen, Slip rings, Kommutator.","og_url":"https:\/\/www.elprof.si\/de\/anfrage\/","og_site_name":"Elprof, d.o.o. Polzela","article_modified_time":"2017-10-03T07:54:28+00:00","twitter_card":"summary","schema":{"@context":"https:\/\/schema.org","@graph":[{"@type":"Organization","@id":"https:\/\/www.elprof.si\/#organization","name":"ELPROF, d.o.o. Polzela","url":"https:\/\/www.elprof.si\/","sameAs":[],"logo":{"@type":"ImageObject","@id":"https:\/\/www.elprof.si\/#logo","inLanguage":"de","url":"https:\/\/www.elprof.si\/wp-content\/uploads\/2017\/07\/elprof1.png","contentUrl":"https:\/\/www.elprof.si\/wp-content\/uploads\/2017\/07\/elprof1.png","width":275,"height":50,"caption":"ELPROF, d.o.o. Polzela"},"image":{"@id":"https:\/\/www.elprof.si\/#logo"}},{"@type":"WebSite","@id":"https:\/\/www.elprof.si\/#website","url":"https:\/\/www.elprof.si\/","name":"Elprof, d.o.o. Polzela","description":"","publisher":{"@id":"https:\/\/www.elprof.si\/#organization"},"potentialAction":[{"@type":"SearchAction","target":{"@type":"EntryPoint","urlTemplate":"https:\/\/www.elprof.si\/?s={search_term_string}"},"query-input":"required name=search_term_string"}],"inLanguage":"de"},{"@type":"WebPage","@id":"https:\/\/www.elprof.si\/de\/anfrage\/#webpage","url":"https:\/\/www.elprof.si\/de\/anfrage\/","name":"Elprof, d.o.o. Polzela - Anfrage, Lamellen f\u00fcr Vakuumpumpen","isPartOf":{"@id":"https:\/\/www.elprof.si\/#website"},"datePublished":"2017-07-10T08:54:53+00:00","dateModified":"2017-10-03T07:54:28+00:00","description":"Wir produzieren Lamellen f\u00fcr Vakuumpumpen und Kompressoren Hersteller, Kohleb\u00fcrsten f\u00fcr elektrische Maschinen, Slip rings, Kommutator.","breadcrumb":{"@id":"https:\/\/www.elprof.si\/de\/anfrage\/#breadcrumb"},"inLanguage":"de","potentialAction":[{"@type":"ReadAction","target":["https:\/\/www.elprof.si\/de\/anfrage\/"]}]},{"@type":"BreadcrumbList","@id":"https:\/\/www.elprof.si\/de\/anfrage\/#breadcrumb","itemListElement":[{"@type":"ListItem","position":1,"name":"Home","item":"https:\/\/www.elprof.si\/de\/"},{"@type":"ListItem","position":2,"name":"Anfrage"}]}]}},"_links":{"self":[{"href":"https:\/\/www.elprof.si\/de\/wp-json\/wp\/v2\/pages\/18343"}],"collection":[{"href":"https:\/\/www.elprof.si\/de\/wp-json\/wp\/v2\/pages"}],"about":[{"href":"https:\/\/www.elprof.si\/de\/wp-json\/wp\/v2\/types\/page"}],"author":[{"embeddable":true,"href":"https:\/\/www.elprof.si\/de\/wp-json\/wp\/v2\/users\/1"}],"replies":[{"embeddable":true,"href":"https:\/\/www.elprof.si\/de\/wp-json\/wp\/v2\/comments?post=18343"}],"version-history":[{"count":1,"href":"https:\/\/www.elprof.si\/de\/wp-json\/wp\/v2\/pages\/18343\/revisions"}],"predecessor-version":[{"id":19224,"href":"https:\/\/www.elprof.si\/de\/wp-json\/wp\/v2\/pages\/18343\/revisions\/19224"}],"wp:attachment":[{"href":"https:\/\/www.elprof.si\/de\/wp-json\/wp\/v2\/media?parent=18343"}],"curies":[{"name":"wp","href":"https:\/\/api.w.org\/{rel}","templated":true}]}}