{"id":18665,"date":"2017-07-25T17:32:10","date_gmt":"2017-07-25T16:32:10","guid":{"rendered":"https:\/\/www.elprof.si\/?page_id=18665\/"},"modified":"2017-10-03T10:01:21","modified_gmt":"2017-10-03T08:01:21","slug":"klemmenleiste","status":"publish","type":"page","link":"https:\/\/www.elprof.si\/de\/klemmenleiste\/","title":{"rendered":"Klemmenleiste"},"content":{"rendered":"<div class=\"fusion-fullwidth fullwidth-box nonhundred-percent-fullwidth non-hundred-percent-height-scrolling\"  style='background-color: #ffffff;background-position: center center;background-repeat: no-repeat;padding-top:0px;padding-right:0px;padding-bottom:0px;padding-left:0px;'><div class=\"fusion-builder-row fusion-row \"><div  class=\"fusion-layout-column fusion_builder_column fusion_builder_column_1_1 fusion-builder-column-1 fusion-one-full fusion-column-first fusion-column-last 1_1\"  style='margin-top:0px;margin-bottom:20px;'>\n\t\t\t\t\t<div class=\"fusion-column-wrapper\" style=\"background-position:left top;background-repeat:no-repeat;-webkit-background-size:cover;-moz-background-size:cover;-o-background-size:cover;background-size:cover;\"   data-bg-url=\"\">\n\t\t\t\t\t\t<div class=\"fusion-title title fusion-title-1 fusion-title-size-two\" style=\"margin-top:0px;margin-bottom:30px;\"><h2 class=\"title-heading-left\" style=\"margin:0;\">Klemmenleiste<\/h2><div class=\"title-sep-container\"><div class=\"title-sep sep-double sep-solid\" style=\"border-color:#e0dede;\"><\/div><\/div><\/div><div class=\"imageframe-align-center\"><span class=\"fusion-imageframe imageframe-none imageframe-1 hover-type-none\"><img loading=\"lazy\" src=\"https:\/\/www.elprof.si\/wp-content\/uploads\/2017\/07\/18.png\" width=\"400\" height=\"385\" alt=\"\" title=\"18\" class=\"img-responsive wp-image-18372\" srcset=\"https:\/\/www.elprof.si\/wp-content\/uploads\/2017\/07\/18-200x193.png 200w, https:\/\/www.elprof.si\/wp-content\/uploads\/2017\/07\/18.png 400w\" sizes=\"(max-width: 800px) 100vw, 400px\" \/><\/span><\/div><div class=\"fusion-text\"><hr \/>\n<p>F\u00fcr weitere Informationen zu diesem Produkt senden Sie uns eine <a href=\"https:\/\/www.elprof.si\/de\/anfrage\/\">Anfrage<\/a>.<\/p>\n<\/div><div class=\"fusion-clearfix\"><\/div>\n\n\t\t\t\t\t<\/div>\n\t\t\t\t<\/div><\/div><\/div>\n","protected":false},"excerpt":{"rendered":"","protected":false},"author":1,"featured_media":0,"parent":0,"menu_order":0,"comment_status":"closed","ping_status":"closed","template":"","meta":[],"yoast_head":"<!-- This site is optimized with the Yoast SEO plugin v17.1 - https:\/\/yoast.com\/wordpress\/plugins\/seo\/ -->\n<title>Elprof, d.o.o. Polzela - Klemmenleiste, Lamellen f\u00fcr Vakuumpumpen<\/title>\n<meta name=\"description\" content=\"Wir produzieren Klemmenleiste, Lamellen f\u00fcr Vakuumpumpen und Kompressoren Hersteller, Kohleb\u00fcrsten f\u00fcr elektrische Maschinen, Slip rings, Kommutator.\" \/>\n<meta name=\"robots\" content=\"index, follow, max-snippet:-1, max-image-preview:large, max-video-preview:-1\" \/>\n<link rel=\"canonical\" href=\"https:\/\/www.elprof.si\/de\/klemmenleiste\/\" \/>\n<meta property=\"og:locale\" content=\"de_DE\" \/>\n<meta property=\"og:type\" content=\"article\" \/>\n<meta property=\"og:title\" content=\"Elprof, d.o.o. Polzela - Klemmenleiste, Lamellen f\u00fcr Vakuumpumpen\" \/>\n<meta property=\"og:description\" content=\"Wir produzieren Klemmenleiste, Lamellen f\u00fcr Vakuumpumpen und Kompressoren Hersteller, Kohleb\u00fcrsten f\u00fcr elektrische Maschinen, Slip rings, Kommutator.\" \/>\n<meta property=\"og:url\" content=\"https:\/\/www.elprof.si\/de\/klemmenleiste\/\" \/>\n<meta property=\"og:site_name\" content=\"Elprof, d.o.o. Polzela\" \/>\n<meta property=\"article:modified_time\" content=\"2017-10-03T08:01:21+00:00\" \/>\n<meta name=\"twitter:card\" content=\"summary\" \/>\n<meta name=\"twitter:label1\" content=\"Gesch\u00e4tzte Lesezeit\" \/>\n\t<meta name=\"twitter:data1\" content=\"1\u00a0Minute\" \/>\n<script type=\"application\/ld+json\" class=\"yoast-schema-graph\">{\"@context\":\"https:\/\/schema.org\",\"@graph\":[{\"@type\":\"Organization\",\"@id\":\"https:\/\/www.elprof.si\/#organization\",\"name\":\"ELPROF, d.o.o. Polzela\",\"url\":\"https:\/\/www.elprof.si\/\",\"sameAs\":[],\"logo\":{\"@type\":\"ImageObject\",\"@id\":\"https:\/\/www.elprof.si\/#logo\",\"inLanguage\":\"de\",\"url\":\"https:\/\/www.elprof.si\/wp-content\/uploads\/2017\/07\/elprof1.png\",\"contentUrl\":\"https:\/\/www.elprof.si\/wp-content\/uploads\/2017\/07\/elprof1.png\",\"width\":275,\"height\":50,\"caption\":\"ELPROF, d.o.o. Polzela\"},\"image\":{\"@id\":\"https:\/\/www.elprof.si\/#logo\"}},{\"@type\":\"WebSite\",\"@id\":\"https:\/\/www.elprof.si\/#website\",\"url\":\"https:\/\/www.elprof.si\/\",\"name\":\"Elprof, d.o.o. Polzela\",\"description\":\"\",\"publisher\":{\"@id\":\"https:\/\/www.elprof.si\/#organization\"},\"potentialAction\":[{\"@type\":\"SearchAction\",\"target\":{\"@type\":\"EntryPoint\",\"urlTemplate\":\"https:\/\/www.elprof.si\/?s={search_term_string}\"},\"query-input\":\"required name=search_term_string\"}],\"inLanguage\":\"de\"},{\"@type\":\"WebPage\",\"@id\":\"https:\/\/www.elprof.si\/de\/klemmenleiste\/#webpage\",\"url\":\"https:\/\/www.elprof.si\/de\/klemmenleiste\/\",\"name\":\"Elprof, d.o.o. Polzela - Klemmenleiste, Lamellen f\\u00fcr Vakuumpumpen\",\"isPartOf\":{\"@id\":\"https:\/\/www.elprof.si\/#website\"},\"datePublished\":\"2017-07-25T16:32:10+00:00\",\"dateModified\":\"2017-10-03T08:01:21+00:00\",\"description\":\"Wir produzieren Klemmenleiste, Lamellen f\\u00fcr Vakuumpumpen und Kompressoren Hersteller, Kohleb\\u00fcrsten f\\u00fcr elektrische Maschinen, Slip rings, Kommutator.\",\"breadcrumb\":{\"@id\":\"https:\/\/www.elprof.si\/de\/klemmenleiste\/#breadcrumb\"},\"inLanguage\":\"de\",\"potentialAction\":[{\"@type\":\"ReadAction\",\"target\":[\"https:\/\/www.elprof.si\/de\/klemmenleiste\/\"]}]},{\"@type\":\"BreadcrumbList\",\"@id\":\"https:\/\/www.elprof.si\/de\/klemmenleiste\/#breadcrumb\",\"itemListElement\":[{\"@type\":\"ListItem\",\"position\":1,\"name\":\"Home\",\"item\":\"https:\/\/www.elprof.si\/de\/\"},{\"@type\":\"ListItem\",\"position\":2,\"name\":\"Klemmenleiste\"}]}]}<\/script>\n<!-- \/ Yoast SEO plugin. -->","yoast_head_json":{"title":"Elprof, d.o.o. Polzela - Klemmenleiste, Lamellen f\u00fcr Vakuumpumpen","description":"Wir produzieren Klemmenleiste, Lamellen f\u00fcr Vakuumpumpen und Kompressoren Hersteller, Kohleb\u00fcrsten f\u00fcr elektrische Maschinen, Slip rings, Kommutator.","robots":{"index":"index","follow":"follow","max-snippet":"max-snippet:-1","max-image-preview":"max-image-preview:large","max-video-preview":"max-video-preview:-1"},"canonical":"https:\/\/www.elprof.si\/de\/klemmenleiste\/","og_locale":"de_DE","og_type":"article","og_title":"Elprof, d.o.o. Polzela - Klemmenleiste, Lamellen f\u00fcr Vakuumpumpen","og_description":"Wir produzieren Klemmenleiste, Lamellen f\u00fcr Vakuumpumpen und Kompressoren Hersteller, Kohleb\u00fcrsten f\u00fcr elektrische Maschinen, Slip rings, Kommutator.","og_url":"https:\/\/www.elprof.si\/de\/klemmenleiste\/","og_site_name":"Elprof, d.o.o. Polzela","article_modified_time":"2017-10-03T08:01:21+00:00","twitter_card":"summary","twitter_misc":{"Gesch\u00e4tzte Lesezeit":"1\u00a0Minute"},"schema":{"@context":"https:\/\/schema.org","@graph":[{"@type":"Organization","@id":"https:\/\/www.elprof.si\/#organization","name":"ELPROF, d.o.o. Polzela","url":"https:\/\/www.elprof.si\/","sameAs":[],"logo":{"@type":"ImageObject","@id":"https:\/\/www.elprof.si\/#logo","inLanguage":"de","url":"https:\/\/www.elprof.si\/wp-content\/uploads\/2017\/07\/elprof1.png","contentUrl":"https:\/\/www.elprof.si\/wp-content\/uploads\/2017\/07\/elprof1.png","width":275,"height":50,"caption":"ELPROF, d.o.o. Polzela"},"image":{"@id":"https:\/\/www.elprof.si\/#logo"}},{"@type":"WebSite","@id":"https:\/\/www.elprof.si\/#website","url":"https:\/\/www.elprof.si\/","name":"Elprof, d.o.o. Polzela","description":"","publisher":{"@id":"https:\/\/www.elprof.si\/#organization"},"potentialAction":[{"@type":"SearchAction","target":{"@type":"EntryPoint","urlTemplate":"https:\/\/www.elprof.si\/?s={search_term_string}"},"query-input":"required name=search_term_string"}],"inLanguage":"de"},{"@type":"WebPage","@id":"https:\/\/www.elprof.si\/de\/klemmenleiste\/#webpage","url":"https:\/\/www.elprof.si\/de\/klemmenleiste\/","name":"Elprof, d.o.o. Polzela - Klemmenleiste, Lamellen f\u00fcr Vakuumpumpen","isPartOf":{"@id":"https:\/\/www.elprof.si\/#website"},"datePublished":"2017-07-25T16:32:10+00:00","dateModified":"2017-10-03T08:01:21+00:00","description":"Wir produzieren Klemmenleiste, Lamellen f\u00fcr Vakuumpumpen und Kompressoren Hersteller, Kohleb\u00fcrsten f\u00fcr elektrische Maschinen, Slip rings, Kommutator.","breadcrumb":{"@id":"https:\/\/www.elprof.si\/de\/klemmenleiste\/#breadcrumb"},"inLanguage":"de","potentialAction":[{"@type":"ReadAction","target":["https:\/\/www.elprof.si\/de\/klemmenleiste\/"]}]},{"@type":"BreadcrumbList","@id":"https:\/\/www.elprof.si\/de\/klemmenleiste\/#breadcrumb","itemListElement":[{"@type":"ListItem","position":1,"name":"Home","item":"https:\/\/www.elprof.si\/de\/"},{"@type":"ListItem","position":2,"name":"Klemmenleiste"}]}]}},"_links":{"self":[{"href":"https:\/\/www.elprof.si\/de\/wp-json\/wp\/v2\/pages\/18665"}],"collection":[{"href":"https:\/\/www.elprof.si\/de\/wp-json\/wp\/v2\/pages"}],"about":[{"href":"https:\/\/www.elprof.si\/de\/wp-json\/wp\/v2\/types\/page"}],"author":[{"embeddable":true,"href":"https:\/\/www.elprof.si\/de\/wp-json\/wp\/v2\/users\/1"}],"replies":[{"embeddable":true,"href":"https:\/\/www.elprof.si\/de\/wp-json\/wp\/v2\/comments?post=18665"}],"version-history":[{"count":3,"href":"https:\/\/www.elprof.si\/de\/wp-json\/wp\/v2\/pages\/18665\/revisions"}],"predecessor-version":[{"id":19230,"href":"https:\/\/www.elprof.si\/de\/wp-json\/wp\/v2\/pages\/18665\/revisions\/19230"}],"wp:attachment":[{"href":"https:\/\/www.elprof.si\/de\/wp-json\/wp\/v2\/media?parent=18665"}],"curies":[{"name":"wp","href":"https:\/\/api.w.org\/{rel}","templated":true}]}}