{"id":18877,"date":"2017-07-27T08:13:03","date_gmt":"2017-07-27T07:13:03","guid":{"rendered":"https:\/\/www.elprof.si\/cookie-policy\/"},"modified":"2017-10-03T10:00:38","modified_gmt":"2017-10-03T08:00:38","slug":"cookie-policy","status":"publish","type":"page","link":"https:\/\/www.elprof.si\/de\/cookie-policy\/","title":{"rendered":"Kekse"},"content":{"rendered":"<p>Datenschutzeinstellungen f\u00fcr eine Webseite. Einige der Features dieser Website erfordern Ihre Zustimmung zu erinnern, wer Sie sind.<\/p>\n<h4>Analytics<\/h4>\n<p>Mit Google Analytics k\u00f6nnen Sie Vertr\u00e4ge und Conversions messen und Ihnen auch neue Einblicke geben, wie die Besucher Ihre Website nutzen, wie sie angekommen sind und wie Sie sie \u00fcberzeugen k\u00f6nnen, zur\u00fcckzukehren.<\/p>\n","protected":false},"excerpt":{"rendered":"<p>Datenschutzeinstellungen f\u00fcr eine Webseite. Einige der Features dieser Website erfordern Ihre Zustimmung zu erinnern, wer Sie sind. Analytics Mit Google Analytics k\u00f6nnen Sie Vertr\u00e4ge und Conversions messen und Ihnen auch neue Einblicke geben, wie die Besucher Ihre Website nutzen, wie sie angekommen sind und wie Sie sie \u00fcberzeugen k\u00f6nnen, zur\u00fcckzukehren.<\/p>\n","protected":false},"author":1,"featured_media":0,"parent":0,"menu_order":0,"comment_status":"closed","ping_status":"closed","template":"","meta":[],"yoast_head":"<!-- This site is optimized with the Yoast SEO plugin v17.1 - https:\/\/yoast.com\/wordpress\/plugins\/seo\/ -->\n<title>Elprof, d.o.o. Polzela - Kekse, Lamellen f\u00fcr Vakuumpumpen<\/title>\n<meta name=\"description\" content=\"Wir produzieren Lamellen f\u00fcr Vakuumpumpen und Kompressoren Hersteller, Kohleb\u00fcrsten f\u00fcr elektrische Maschinen, Slip rings, Kommutator.\" \/>\n<meta name=\"robots\" content=\"index, follow, max-snippet:-1, max-image-preview:large, max-video-preview:-1\" \/>\n<link rel=\"canonical\" href=\"https:\/\/www.elprof.si\/de\/cookie-policy\/\" \/>\n<meta property=\"og:locale\" content=\"de_DE\" \/>\n<meta property=\"og:type\" content=\"article\" \/>\n<meta property=\"og:title\" content=\"Elprof, d.o.o. Polzela - Kekse, Lamellen f\u00fcr Vakuumpumpen\" \/>\n<meta property=\"og:description\" content=\"Wir produzieren Lamellen f\u00fcr Vakuumpumpen und Kompressoren Hersteller, Kohleb\u00fcrsten f\u00fcr elektrische Maschinen, Slip rings, Kommutator.\" \/>\n<meta property=\"og:url\" content=\"https:\/\/www.elprof.si\/de\/cookie-policy\/\" \/>\n<meta property=\"og:site_name\" content=\"Elprof, d.o.o. Polzela\" \/>\n<meta property=\"article:modified_time\" content=\"2017-10-03T08:00:38+00:00\" \/>\n<meta name=\"twitter:card\" content=\"summary\" \/>\n<script type=\"application\/ld+json\" class=\"yoast-schema-graph\">{\"@context\":\"https:\/\/schema.org\",\"@graph\":[{\"@type\":\"Organization\",\"@id\":\"https:\/\/www.elprof.si\/#organization\",\"name\":\"ELPROF, d.o.o. Polzela\",\"url\":\"https:\/\/www.elprof.si\/\",\"sameAs\":[],\"logo\":{\"@type\":\"ImageObject\",\"@id\":\"https:\/\/www.elprof.si\/#logo\",\"inLanguage\":\"de\",\"url\":\"https:\/\/www.elprof.si\/wp-content\/uploads\/2017\/07\/elprof1.png\",\"contentUrl\":\"https:\/\/www.elprof.si\/wp-content\/uploads\/2017\/07\/elprof1.png\",\"width\":275,\"height\":50,\"caption\":\"ELPROF, d.o.o. Polzela\"},\"image\":{\"@id\":\"https:\/\/www.elprof.si\/#logo\"}},{\"@type\":\"WebSite\",\"@id\":\"https:\/\/www.elprof.si\/#website\",\"url\":\"https:\/\/www.elprof.si\/\",\"name\":\"Elprof, d.o.o. Polzela\",\"description\":\"\",\"publisher\":{\"@id\":\"https:\/\/www.elprof.si\/#organization\"},\"potentialAction\":[{\"@type\":\"SearchAction\",\"target\":{\"@type\":\"EntryPoint\",\"urlTemplate\":\"https:\/\/www.elprof.si\/?s={search_term_string}\"},\"query-input\":\"required name=search_term_string\"}],\"inLanguage\":\"de\"},{\"@type\":\"WebPage\",\"@id\":\"https:\/\/www.elprof.si\/de\/cookie-policy\/#webpage\",\"url\":\"https:\/\/www.elprof.si\/de\/cookie-policy\/\",\"name\":\"Elprof, d.o.o. Polzela - Kekse, Lamellen f\\u00fcr Vakuumpumpen\",\"isPartOf\":{\"@id\":\"https:\/\/www.elprof.si\/#website\"},\"datePublished\":\"2017-07-27T07:13:03+00:00\",\"dateModified\":\"2017-10-03T08:00:38+00:00\",\"description\":\"Wir produzieren Lamellen f\\u00fcr Vakuumpumpen und Kompressoren Hersteller, Kohleb\\u00fcrsten f\\u00fcr elektrische Maschinen, Slip rings, Kommutator.\",\"breadcrumb\":{\"@id\":\"https:\/\/www.elprof.si\/de\/cookie-policy\/#breadcrumb\"},\"inLanguage\":\"de\",\"potentialAction\":[{\"@type\":\"ReadAction\",\"target\":[\"https:\/\/www.elprof.si\/de\/cookie-policy\/\"]}]},{\"@type\":\"BreadcrumbList\",\"@id\":\"https:\/\/www.elprof.si\/de\/cookie-policy\/#breadcrumb\",\"itemListElement\":[{\"@type\":\"ListItem\",\"position\":1,\"name\":\"Home\",\"item\":\"https:\/\/www.elprof.si\/de\/\"},{\"@type\":\"ListItem\",\"position\":2,\"name\":\"Kekse\"}]}]}<\/script>\n<!-- \/ Yoast SEO plugin. -->","yoast_head_json":{"title":"Elprof, d.o.o. Polzela - Kekse, Lamellen f\u00fcr Vakuumpumpen","description":"Wir produzieren Lamellen f\u00fcr Vakuumpumpen und Kompressoren Hersteller, Kohleb\u00fcrsten f\u00fcr elektrische Maschinen, Slip rings, Kommutator.","robots":{"index":"index","follow":"follow","max-snippet":"max-snippet:-1","max-image-preview":"max-image-preview:large","max-video-preview":"max-video-preview:-1"},"canonical":"https:\/\/www.elprof.si\/de\/cookie-policy\/","og_locale":"de_DE","og_type":"article","og_title":"Elprof, d.o.o. Polzela - Kekse, Lamellen f\u00fcr Vakuumpumpen","og_description":"Wir produzieren Lamellen f\u00fcr Vakuumpumpen und Kompressoren Hersteller, Kohleb\u00fcrsten f\u00fcr elektrische Maschinen, Slip rings, Kommutator.","og_url":"https:\/\/www.elprof.si\/de\/cookie-policy\/","og_site_name":"Elprof, d.o.o. Polzela","article_modified_time":"2017-10-03T08:00:38+00:00","twitter_card":"summary","schema":{"@context":"https:\/\/schema.org","@graph":[{"@type":"Organization","@id":"https:\/\/www.elprof.si\/#organization","name":"ELPROF, d.o.o. Polzela","url":"https:\/\/www.elprof.si\/","sameAs":[],"logo":{"@type":"ImageObject","@id":"https:\/\/www.elprof.si\/#logo","inLanguage":"de","url":"https:\/\/www.elprof.si\/wp-content\/uploads\/2017\/07\/elprof1.png","contentUrl":"https:\/\/www.elprof.si\/wp-content\/uploads\/2017\/07\/elprof1.png","width":275,"height":50,"caption":"ELPROF, d.o.o. Polzela"},"image":{"@id":"https:\/\/www.elprof.si\/#logo"}},{"@type":"WebSite","@id":"https:\/\/www.elprof.si\/#website","url":"https:\/\/www.elprof.si\/","name":"Elprof, d.o.o. Polzela","description":"","publisher":{"@id":"https:\/\/www.elprof.si\/#organization"},"potentialAction":[{"@type":"SearchAction","target":{"@type":"EntryPoint","urlTemplate":"https:\/\/www.elprof.si\/?s={search_term_string}"},"query-input":"required name=search_term_string"}],"inLanguage":"de"},{"@type":"WebPage","@id":"https:\/\/www.elprof.si\/de\/cookie-policy\/#webpage","url":"https:\/\/www.elprof.si\/de\/cookie-policy\/","name":"Elprof, d.o.o. Polzela - Kekse, Lamellen f\u00fcr Vakuumpumpen","isPartOf":{"@id":"https:\/\/www.elprof.si\/#website"},"datePublished":"2017-07-27T07:13:03+00:00","dateModified":"2017-10-03T08:00:38+00:00","description":"Wir produzieren Lamellen f\u00fcr Vakuumpumpen und Kompressoren Hersteller, Kohleb\u00fcrsten f\u00fcr elektrische Maschinen, Slip rings, Kommutator.","breadcrumb":{"@id":"https:\/\/www.elprof.si\/de\/cookie-policy\/#breadcrumb"},"inLanguage":"de","potentialAction":[{"@type":"ReadAction","target":["https:\/\/www.elprof.si\/de\/cookie-policy\/"]}]},{"@type":"BreadcrumbList","@id":"https:\/\/www.elprof.si\/de\/cookie-policy\/#breadcrumb","itemListElement":[{"@type":"ListItem","position":1,"name":"Home","item":"https:\/\/www.elprof.si\/de\/"},{"@type":"ListItem","position":2,"name":"Kekse"}]}]}},"_links":{"self":[{"href":"https:\/\/www.elprof.si\/de\/wp-json\/wp\/v2\/pages\/18877"}],"collection":[{"href":"https:\/\/www.elprof.si\/de\/wp-json\/wp\/v2\/pages"}],"about":[{"href":"https:\/\/www.elprof.si\/de\/wp-json\/wp\/v2\/types\/page"}],"author":[{"embeddable":true,"href":"https:\/\/www.elprof.si\/de\/wp-json\/wp\/v2\/users\/1"}],"replies":[{"embeddable":true,"href":"https:\/\/www.elprof.si\/de\/wp-json\/wp\/v2\/comments?post=18877"}],"version-history":[{"count":2,"href":"https:\/\/www.elprof.si\/de\/wp-json\/wp\/v2\/pages\/18877\/revisions"}],"predecessor-version":[{"id":19229,"href":"https:\/\/www.elprof.si\/de\/wp-json\/wp\/v2\/pages\/18877\/revisions\/19229"}],"wp:attachment":[{"href":"https:\/\/www.elprof.si\/de\/wp-json\/wp\/v2\/media?parent=18877"}],"curies":[{"name":"wp","href":"https:\/\/api.w.org\/{rel}","templated":true}]}}